{"id":4685,"date":"2021-07-18T12:33:47","date_gmt":"2021-07-18T10:33:47","guid":{"rendered":"https:\/\/biochemie2.uni-goettingen.de\/?page_id=4685"},"modified":"2026-02-14T18:22:43","modified_gmt":"2026-02-14T17:22:43","slug":"publications-richter-dennerlein","status":"publish","type":"page","link":"https:\/\/biochemie.uni-goettingen.de\/index.php\/publications-richter-dennerlein\/","title":{"rendered":"Publications (Richter-Dennerlein)"},"content":{"rendered":"<div id=\"Publications\" class=\"fusion-container-anchor\"><div class=\"fusion-fullwidth fullwidth-box fusion-builder-row-1 fusion-flex-container nonhundred-percent-fullwidth non-hundred-percent-height-scrolling fusion-animated\" style=\"--awb-border-radius-top-left:0px;--awb-border-radius-top-right:0px;--awb-border-radius-bottom-right:0px;--awb-border-radius-bottom-left:0px;--awb-flex-wrap:wrap;\" data-animationType=\"slideInRight\" data-animationDuration=\"0.3\" data-animationOffset=\"top-into-view\" ><div class=\"fusion-builder-row fusion-row fusion-flex-align-items-flex-start fusion-flex-content-wrap\" style=\"max-width:1331.2px;margin-left: calc(-4% \/ 2 );margin-right: calc(-4% \/ 2 );\"><div class=\"fusion-layout-column fusion_builder_column fusion-builder-column-0 fusion_builder_column_1_1 1_1 fusion-flex-column\" style=\"--awb-bg-size:cover;--awb-width-large:100%;--awb-margin-top-large:10px;--awb-spacing-right-large:1.92%;--awb-margin-bottom-large:10px;--awb-spacing-left-large:1.92%;--awb-width-medium:100%;--awb-order-medium:0;--awb-spacing-right-medium:1.92%;--awb-spacing-left-medium:1.92%;--awb-width-small:100%;--awb-order-small:0;--awb-spacing-right-small:1.92%;--awb-spacing-left-small:1.92%;\"><div class=\"fusion-column-wrapper fusion-column-has-shadow fusion-flex-justify-content-flex-start fusion-content-layout-column\"><div class=\"fusion-text fusion-text-1 fusion-animated\" data-animationType=\"fadeInLeft\" data-animationDuration=\"0.3\" data-animationOffset=\"top-into-view\"><h3 style=\"font-weight: 400;\"><strong>Publications (since 2014)<\/strong><\/h3>\n<p style=\"font-weight: 400;\"><strong>2026<br \/>\n<\/strong><strong>Richter-Dennerlein R<\/strong>, Dopico XC, Rorbach J. (2026) Mechanisms and disease relevance of mitochondrial translation in humans. <em>Nat Rev Mol Cell Biol. <\/em>2026 Feb 13; doi: 10.1038\/s41580-026-00948-2.<\/p>\n<p style=\"font-weight: 400;\"><strong>2024<br \/>\n<\/strong>Lavdovskaia E, Hanitsch E, Linden A, Pasen M, Challa V, Horokhovskyi Y, Roetschke HP, Nadler F, Welp L, Steube E, Heinrichs M, Mai MMQ, Urlaub H, Liepe J, <strong>Richter-Dennerlein R<\/strong> (2024) A roadmap for ribosome assembly in human mitochondria. <em>Nat Struct Mol Biol <\/em>2026 Feb 13; doi: 10.1038\/s41594-024-01356-w.<\/p>\n<p style=\"font-weight: 400;\">Poerschke S, Oeljeklaus S, Cruz-Zaragoza LD, Schenzielorz A, Dahal D, Hillen HS, Sattmann J, <strong>Richter-Dennerlein R<\/strong>, Warscheid B, Dennerlein S, Rehling P (2024) Identification of TMEM126A as OXA1L-interacting protein reveals cotranslational quality control in mitochondria. <em>Mol Cell<\/em> 84: 345-358.e5; doi: 10.1016\/j.molcel.2023.12.013<\/p>\n<p style=\"font-weight: 400;\"><strong>2023<br \/>\n<\/strong><span style=\"font-family: var(--awb-text-font-family); font-size: var(--awb-font-size); font-style: var(--awb-text-font-style); letter-spacing: var(--awb-letter-spacing); text-align: var(--awb-content-alignment); text-transform: var(--awb-text-transform);\">Nadler F, <\/span><strong style=\"font-family: var(--awb-text-font-family); font-size: var(--awb-font-size); font-style: var(--awb-text-font-style); letter-spacing: var(--awb-letter-spacing); text-align: var(--awb-content-alignment); text-transform: var(--awb-text-transform);\">Richter-Dennerlein R<\/strong><span style=\"font-family: var(--awb-text-font-family); font-size: var(--awb-font-size); font-style: var(--awb-text-font-style); letter-spacing: var(--awb-letter-spacing); text-align: var(--awb-content-alignment); text-transform: var(--awb-text-transform);\"> (2023) Translation termination in human mitochondria \u2013 substrate specificity of mitochondrial release factors. <\/span><em style=\"font-family: var(--awb-text-font-family); font-size: var(--awb-font-size); letter-spacing: var(--awb-letter-spacing); text-align: var(--awb-content-alignment); text-transform: var(--awb-text-transform);\">Biological Chemistry<\/em><span style=\"font-family: var(--awb-text-font-family); font-size: var(--awb-font-size); font-style: var(--awb-text-font-style); letter-spacing: var(--awb-letter-spacing); text-align: var(--awb-content-alignment); text-transform: var(--awb-text-transform);\"> 404: 769-779; https:\/\/doi.org\/10.1515\/hsz-2023-0127<\/span><\/p>\n<p style=\"font-weight: 400;\">Dennerlein S, Rehling P, <strong>Richter-Dennerlein R<\/strong> (2023) Cytochrome c oxidase biogenesis \u2013 from translation to early assembly of the core subunit COX1 <em>FEBS Letters<\/em> 597: 1569\u20131578<\/p>\n<p style=\"font-weight: 400;\"><strong>2022<br \/>\n<\/strong>Nadler F, Lavdovskaia E, Krempler A, Cruz-Zaragoza LD, Dennerlein S, <strong>Richter-Dennerlein<\/strong> <strong>R<\/strong> (2022) Human mtRF1 terminates COX1 translation and its ablation induces mitochondrial ribosome-associated quality control. <em>Nature Communications, <\/em>13, 6406<\/p>\n<p style=\"font-weight: 400;\">Lavdovskaia E, Hillen HS, <strong>Richter-Dennerlein R<\/strong> (2022) Hierarchical folding of the catalytic core during mitochondrial ribosome biogenesis. <em>Trends Cell Biol.<\/em> 32(3): 182-185<\/p>\n<p style=\"font-weight: 400;\">Nadler F, Lavdovskaia E, <strong>Richter-Dennerlein<\/strong> <strong>R<\/strong> (2022) Maintaining mitochondrial ribosome function: The role of ribosome rescue and recycling factors. <em>RNA Biology<\/em>, 19(1): 117-131<\/p>\n<p style=\"font-weight: 400;\">Kleiber N, Lemus-Diaz N, Stiller C, Heinrichs M, Mai MMQ, Hackert P, <strong>Richter-Dennerlein R<\/strong>, H\u00f6bartner C, Bohnsack KE, Bohnsack M (2022) The RNA methyltransferase METTL8 installs m<sup>3<\/sup>C<sub>32<\/sub> in mitochondrial tRNAs<sup>Thr\/Ser(UCN)<\/sup> to optimise tRNA structure and mitochondrial translation. <em>Nature Communications<\/em> 13, 209<\/p>\n<p style=\"font-weight: 400;\"><strong>2021<br \/>\n<\/strong>Dennerlein S, Poerschke S, Oeljeklaus S, Wang C, <strong>Richter-Dennerlein R<\/strong>, Sattmann J, Bauermeister D, Hanitsch E, Stoldt S, Langer T, Jakobs S, Warscheid B, Rehling P (2021) Defining the interactome of the human mitochondrial ribosome identifies SMIM4 and TMEM223 as respiratory chain assembly factors. <em>eLife <\/em>10: e68213. doi: 10.7554\/eLife.68213<\/p>\n<p style=\"font-weight: 400;\">Cruz-Zaragoza LD, Dennerlein S, Linden A, Yousefi R, Lavdovskaia E, Aich A, Falk R, Gomkale R, Sch\u00f6ndorf T, Bohnsack MT, <strong>Richter-Dennerlein R<\/strong>, Urlaub H, Rehling P (2021) An <em>in vitro<\/em> system to silence mitochondrial gene expression. <em>Cell<\/em> 184(23): 5824-5837<\/p>\n<p style=\"font-weight: 400;\">Hillen HS, Lavdovskaia E, Nadler F, Hanitsch E, Linden A, Bohnsack K, Urlaub H, <strong>Richter-Dennerlein R<\/strong>. (2021) Structural basis of GTPase-mediated mitochondrial ribosome biogenesis and recycling. <em>Nature Communications <\/em>12, 3672<\/p>\n<p style=\"font-weight: 400;\">Maiti P, Lavdovskaia E, Barrientos A, <strong>Richter-Dennerlein R<\/strong> (2021) Role of GTPases in Driving Mitoribosome Assembly. <em>Trends Cell Biol. <\/em>31(4): 284-297<\/p>\n<p style=\"font-weight: 400;\"><strong>2020<br \/>\n<\/strong>Lavdovskaia E, Denks K, Nadler F, Steube E, Linden A, Urlaub H, Rodnina M, <strong>Richter-Dennerlein R<\/strong> (2020) Dual function of GTPBP6 in biogenesis and recycling of human mitochondrial ribosomes. <em>Nucleic Acids Research.<\/em> 48(22):12929\u201342<\/p>\n<p style=\"font-weight: 400;\">Wang C, <strong>Richter-Dennerlein R<\/strong>, Pacheu-Grau D, Liu F, Zhu Y, Dennerlein S, Rehling P (2020) MITRAC15\/COA1 promotes mitochondrial translation in a ND2 ribosome-nascent chain complex. <em>EMBO Rep<\/em>. 21(1):e48833<\/p>\n<p style=\"font-weight: 400;\"><strong>2018<br \/>\n<\/strong>Lavdovskaia E, Kolander E, Steube E, Mai MMQ, Urlaub H, <strong>Richter-Dennerlein R<\/strong> (2018). The human Obg protein GTPBP10 is involved in mitoribosomal biogenesis. <em>Nucleic Acids Research<\/em> 46, 8471\u20138482<\/p>\n<p style=\"font-weight: 400;\">Aich A, Wang C, Chowdhury A, Rons\u00f6r C, Pacheu-Grau D, <strong>Richter-Dennerlein R<\/strong>, Dennerlein S, Rehling P (2018) COX16 promotes COX2 metallation and assembly during respiratory complex IV biogenesis. <em>Elife<\/em> 7: e32572. doi: 10.7554\/eLife.32572<\/p>\n<p style=\"font-weight: 400;\"><strong>2017<br \/>\n<\/strong>Rozanska A, <strong>Richter-Dennerlein R<\/strong>, Rorbach J, Gao F, Lewis RJ, Chrzanowska-Lightowlers ZM, Lightowlers RN (2017) The human RNA-binding protein RBFA promotes the maturation of the mitochondrial ribosome. <em>Biochem. J.<\/em> 474: 2145\u20132158<\/p>\n<p style=\"font-weight: 400;\"><strong>2016<br \/>\n<\/strong><strong>Richter-Dennerlein R<\/strong>, Oeljeklaus S, Lorenzi I, Rons\u00f6r C, Bareth B, Schendzielorz AB, Wang C, Warscheid B, Rehling P, Dennerlein S (2016) Mitochondrial Protein Synthesis Adapts to Influx of Nuclear-Encoded Protein. <em>Cell<\/em> 167: 471\u2013483<\/p>\n<p style=\"font-weight: 400;\">K\u00f6nig T, Tr\u00f6der SE, Bakka K, Korwitz A, <strong>Richter-Dennerlein R<\/strong>, Lampe PA, Patron M, M\u00fchlmeister M, Guerrero-Castillo S, Brandt U, Decker T, Lauria I, Paggio A, Rizzuto R, Rugarli EI, De Stefani D, Langer T (2016) The m-AAA Protease Associated with Neurodegeneration Limits MCU Activity in Mitochondria. <em>Mol. Cell<\/em> 64: 148\u2013162<\/p>\n<p style=\"font-weight: 400;\">Wai T, Saita S, Nolte H, M\u00fcller S, K\u00f6nig T, <strong>Richter-Dennerlein R<\/strong>, Sprenger H-G, Madrenas J, M\u00fchlmeister M, Brandt U, Kr\u00fcger M, Langer T (2016) The membrane scaffold SLP2 anchors a proteolytic hub in mitochondria containing PARL and the i-AAA protease YME1L. <em>EMBO Rep.<\/em> 17: 1844\u20131856<\/p>\n<p style=\"font-weight: 400;\">Korwitz A, Merkwirth C, <strong>Richter-Dennerlein R<\/strong>, Tr\u00f6der SE, Sprenger H-G, Quir\u00f3s PM, L\u00f3pez-Ot\u00edn C, Rugarli EI, Langer T (2016) Loss of OMA1 delays neurodegeneration by preventing stress-induced OPA1 processing in mitochondria. <em>J. Cell Biol.<\/em> 212: 157\u2013166<\/p>\n<p style=\"font-weight: 400;\"><strong>2015<br \/>\n<\/strong><strong>Richter-Dennerlein R<\/strong>, Dennerlein S, Rehling P (2015) Integrating mitochondrial translation into the cellular context. <em>Nat. Rev. Mol. Cell Biol.<\/em> 16: 586\u2013592<\/p>\n<p style=\"font-weight: 400;\"><strong>2014<br \/>\n<\/strong><strong>Richter-Dennerlein R<\/strong>, Korwitz A, Haag M, Tatsuta T, Dargazanli S, Baker M, Decker T, Lamkemeyer T, Rugarli EI, Langer T (2014) DNAJC19, a Mitochondrial Cochaperone Associated with Cardiomyopathy, Forms a Complex with Prohibitins to Regulate Cardiolipin Remodeling. <em>Cell<\/em> <em>Metabolism<\/em> 20: 158\u2013171<\/p>\n<\/div><\/div><\/div><\/div><\/div><\/div>\n","protected":false},"excerpt":{"rendered":"","protected":false},"author":1,"featured_media":0,"parent":0,"menu_order":0,"comment_status":"closed","ping_status":"closed","template":"","meta":{"_acf_changed":false,"footnotes":""},"folder":[95],"class_list":["post-4685","page","type-page","status-publish","hentry"],"acf":[],"_links":{"self":[{"href":"https:\/\/biochemie.uni-goettingen.de\/index.php\/wp-json\/wp\/v2\/pages\/4685","targetHints":{"allow":["GET"]}}],"collection":[{"href":"https:\/\/biochemie.uni-goettingen.de\/index.php\/wp-json\/wp\/v2\/pages"}],"about":[{"href":"https:\/\/biochemie.uni-goettingen.de\/index.php\/wp-json\/wp\/v2\/types\/page"}],"author":[{"embeddable":true,"href":"https:\/\/biochemie.uni-goettingen.de\/index.php\/wp-json\/wp\/v2\/users\/1"}],"replies":[{"embeddable":true,"href":"https:\/\/biochemie.uni-goettingen.de\/index.php\/wp-json\/wp\/v2\/comments?post=4685"}],"version-history":[{"count":24,"href":"https:\/\/biochemie.uni-goettingen.de\/index.php\/wp-json\/wp\/v2\/pages\/4685\/revisions"}],"predecessor-version":[{"id":8366,"href":"https:\/\/biochemie.uni-goettingen.de\/index.php\/wp-json\/wp\/v2\/pages\/4685\/revisions\/8366"}],"wp:attachment":[{"href":"https:\/\/biochemie.uni-goettingen.de\/index.php\/wp-json\/wp\/v2\/media?parent=4685"}],"wp:term":[{"taxonomy":"folder","embeddable":true,"href":"https:\/\/biochemie.uni-goettingen.de\/index.php\/wp-json\/wp\/v2\/folder?post=4685"}],"curies":[{"name":"wp","href":"https:\/\/api.w.org\/{rel}","templated":true}]}}