{"id":4885,"date":"2021-07-19T14:03:10","date_gmt":"2021-07-19T12:03:10","guid":{"rendered":"https:\/\/biochemie2.uni-goettingen.de\/?page_id=4885"},"modified":"2025-12-01T17:35:49","modified_gmt":"2025-12-01T16:35:49","slug":"publications-schwappach-pignataro","status":"publish","type":"page","link":"https:\/\/biochemie.uni-goettingen.de\/index.php\/publications-schwappach-pignataro\/","title":{"rendered":"Publications (Schwappach-Pignataro)"},"content":{"rendered":"<div id=\"Publications\" class=\"fusion-container-anchor\"><div class=\"fusion-fullwidth fullwidth-box fusion-builder-row-1 fusion-flex-container nonhundred-percent-fullwidth non-hundred-percent-height-scrolling\" style=\"--awb-border-radius-top-left:0px;--awb-border-radius-top-right:0px;--awb-border-radius-bottom-right:0px;--awb-border-radius-bottom-left:0px;--awb-flex-wrap:wrap;\" ><div class=\"fusion-builder-row fusion-row fusion-flex-align-items-flex-start fusion-flex-content-wrap\" style=\"max-width:1331.2px;margin-left: calc(-4% \/ 2 );margin-right: calc(-4% \/ 2 );\"><div class=\"fusion-layout-column fusion_builder_column fusion-builder-column-0 fusion_builder_column_1_1 1_1 fusion-flex-column\" style=\"--awb-bg-size:cover;--awb-width-large:100%;--awb-margin-top-large:10px;--awb-spacing-right-large:1.92%;--awb-margin-bottom-large:10px;--awb-spacing-left-large:1.92%;--awb-width-medium:100%;--awb-order-medium:0;--awb-spacing-right-medium:1.92%;--awb-spacing-left-medium:1.92%;--awb-width-small:100%;--awb-order-small:0;--awb-spacing-right-small:1.92%;--awb-spacing-left-small:1.92%;\"><div class=\"fusion-column-wrapper fusion-column-has-shadow fusion-flex-justify-content-flex-start fusion-content-layout-column\"><div class=\"fusion-text fusion-text-1\"><h3 class=\"\" style=\"text-align: center;\" data-fontsize=\"15\" data-lineheight=\"25.05px\"><b data-fusion-font=\"true\">Publications (since 2003)<\/b><\/h3>\n<p><b data-fusion-font=\"true\">2025<\/b><br \/>\n<a href=\"https:\/\/doi.org\/10.1515\/hsz-2025-0237\">Bykov YS, Fenech EJ, Schwappach B. (2025) Highlight: organelles on and off the map: diversity, specialization and subdomains. <b>Biol Chem.<\/b> 2025 Dec 1.<\/a><br \/>\n<a href=\"https:\/\/doi.org\/10.1038\/s44319-025-00522-5\">Schwappach B. (2025) Machines like us scientists? : AI tools for mining the scientific literature in basic biomedical science. <b>EMBO Rep.<\/b> 2025 Jul 10.<\/a><\/p>\n<p><b data-fusion-font=\"true\">2023<\/b><br \/>\n<a href=\"https:\/\/doi.org\/10.1038\/s41467-023-42867-2\">McDowell MA, Heimes M, Enkavi G, Farkas \u00c1, Saar D, Wild K, Schwappach B, Vattulainen I, Sinning I (2023) The GET insertase exhibits conformational plasticity and induces membrane thinning. <b>Nat Commun<\/b> 14, 7355.<\/a><\/p>\n<p><b data-fusion-font=\"true\">2022<\/b><br \/>\n<a href=\"https:\/\/doi.org\/10.1111\/febs.16610\">Ballin M, Griep W, Patel M, Karl M, Mentrup T, Rivera-Monroy J, Foo B, Schwappach B, Schr\u00f6der B (2022) The intramembrane proteases SPPL2a and SPPL2b regulate the homeostasis of selected SNARE proteins. <b>FEBS J<\/b> 290(9):2320-2337.<\/a><\/p>\n<p><a href=\"https:\/\/doi.org\/10.1016\/j.molcel.2022.06.015\">Ulrich K, Farkas \u00c1, Chan O, Katamanin O, Schwappach B, Jakob U (2022) From guide to guard-activation mechanism of the stress-sensing chaperone Get3. <b>Mol Cell<\/b> 82(17):3226-3238.e7.<\/a><\/p>\n<p><a href=\"https:\/\/doi.org\/10.1083\/jcb.202201036\">Farkas \u00c1, Urlaub H, Bohnsack KE, Schwappach B (2022) Regulated targeting of the monotopic hairpin membrane protein Erg1 requires the GET pathway. <b>J Cell Biol<\/b> 221(6):e202201036.<\/a><\/p>\n<p><b data-fusion-font=\"true\">2021<\/b><br \/>\n<a href=\"https:\/\/doi.org\/10.1038\/s41467-021-26016-1\">Gomkale R, Linden A, Neumann P, Schendzielorz AB, Stoldt S, Dybkov O, Kilisch M, Schulz C, Cruz-Zaragoza LD, Schwappach B, Ficner R, Jakobs S, Urlaub H, Rehling P (2021) Mapping protein interactions in the active TOM-TIM23 supercomplex. <b>Nat Commun<\/b> 12, 5715.<\/a><\/p>\n<p><a href=\"https:\/\/doi.org\/10.3233\/SHTI210542\">Kusch H, Kossen R, Suhr M, Freckmann L, Weber L, Henke C, Lehmann C, Rheinl\u00e4nder S, Aschenbrandt G, K\u00fchlborn LK, Marzec B, Menzel J, Schwappach B, Zelaray\u00e1n LC, Cyganek L, Antonios G, Kohl T, Lehnart SE, Zoremba M, Sax U, Nussbeck SY (2021) Management of Metadata Types in Basic Cardiological Research. <b>Stud Health Technol Inform<\/b> 283, 59-68.<\/a><\/p>\n<p><a href=\"https:\/\/doi.org\/10.1038\/s41467-021-20981-3\">Zhang Y, De Laurentiis E, Bohnsack KE, Wahlig M, Ranjan N, Gruseck S, Hackert P, W\u00f6lfle T, Rodnina MV, Schwappach B, Rospert S (2021) Ribosome-bound Get4\/5 facilitates the capture of tail-anchored proteins by Sgt2 in yeast. <b>Nat Commun<\/b> 12, 782.<\/a><\/p>\n<p><a href=\"https:\/\/doi.org\/10.1172\/jci.insight.145934\">Zhang H, Hanson A, de Almeida TS, Emfinger C, McClenaghan C, Harter T, Yan Z, Cooper PE, Brown GS, Arakel EC, Mecham RP, Kovacs A, Halabi CM, Schwappach B, Remedi MS, Nichols CG (2021) Complex consequences of Cantu syndrome SUR2 variant R1154Q in genetically modified mice. <b>JCI Insight<\/b> 6(5):e145934.<\/a><\/p>\n<p><a href=\"https:\/\/doi.org\/10.1073\/pnas.2017636118\">Asseck LY, Mehlhorn DG, Monroy JR, Ricardi MM, Breuninger H, Wallmeroth N, Berendzen KW, Nowrousian M, Xing S, Schwappach B, Bayer M, Grefen C (2021) Endoplasmic reticulum membrane receptors of the GET pathway are conserved throughout eukaryotes. <b>Proc Natl Acad Sci U S A<\/b> 118(1):e2017636118.<\/a><\/p>\n<p><a href=\"https:\/\/doi.org\/10.1039\/d0nr07322a\">Kraxner J, Lorenz C, Menzel J, Parfentev I, Silbern I, Denz M, Urlaub H, Schwappach B, K\u00f6ster S (2021) Post-translational modifications soften vimentin intermediate filaments. <b>Nanoscale<\/b> 13, 380-387.<\/a><\/p>\n<p><a href=\"https:\/\/doi.org\/10.1515\/hsz-2020-0262\">Ulrich K, Schwappach B, Jakob U (2021) Thiol-based switching mechanisms of stress-sensing chaperones. <b>Biol Chem<\/b> 402, 239-252.<\/a><\/p>\n<p><a href=\"https:\/\/doi.org\/10.1093\/cvr\/cvaa162\">Fakuade FE, Steckmeister V, Seibertz F, Gronwald J, Kestel S, Menzel J, Pronto JRD, Taha K, Haghighi F, Kensah G, Pearman CM, Wiedmann F, Teske AJ, Schmidt C, Dibb KM, El-Essawi A, Danner BC, Baraki H, Schwappach B, Kutschka I, Mason FE, Voigt N (2021) Altered atrial cytosolic calcium handling contributes to the development of postoperative atrial fibrillation. <b>Cardiovasc Res<\/b> 117, 1790-1801.<\/a><\/p>\n<p><b data-fusion-font=\"true\">2020<\/b><br \/>\n<a href=\"https:\/\/doi.org\/10.1016\/j.molcel.2020.08.012\">McDowell MA, Heimes M, Fiorentino F, Mehmood S, Farkas \u00c1, Coy-Vergara J, Wu D, Bolla JR, Schmid V, Heinze R, Wild K, Flemming D, Pfeffer S, Schwappach B, Robinson CV, Sinning I (2020) Structural Basis of Tail-Anchored Membrane Protein Biogenesis by the GET Insertase Complex. <b>Mol Cell<\/b> 80, 72-86.e7.<\/a><\/p>\n<p><a href=\"https:\/\/doi.org\/10.1126\/scisignal.aaz1436\">Menzel J, Kownatzki-Danger D, Tokar S, Ballone A, Unthan-Fechner K, Kilisch M, Lenz C, Urlaub H, Mori M, Ottmann C, Shattock MJ, Lehnart SE, Schwappach B (2020) 14-3-3 binding creates a memory of kinase action by stabilizing the modified state of phospholamban. <b>Sci Signal<\/b> 13(647):eaaz1436.<\/a><\/p>\n<p><a href=\"https:\/\/doi.org\/10.15252\/embj.2020104812\">Schwappach B (2020) Chloride accumulation in endosomes and lysosomes: facts checked in mice. <b>EMBO J<\/b> 39, e104812.<\/a><\/p>\n<p><a href=\"https:\/\/doi.org\/10.1242\/jcs.232835\">Kilisch M, Mayer S, Mitkovski M, Roehse H, Hentrich J, Schwappach B, Papadopoulos T (2020) A GTPase-induced switch in phospholipid affinity of collybistin contributes to synaptic gephyrin clustering. <b>J Cell Sci<\/b> 133(2):jcs232835.<\/a><\/p>\n<p><b data-fusion-font=\"true\">2019<\/b><br \/>\n<a href=\"https:\/\/doi.org\/10.1242\/jcs.232124\">Arakel EC, Huranova M, Estrada AF, Rau EM, Spang A, Schwappach B (2019) Dissection of GTPase-activating proteins reveals functional asymmetry in the COPI coat of budding yeast. <b>J Cell Sci<\/b> 132(16):jcs232124.<\/a><\/p>\n<p><a href=\"https:\/\/doi.org\/10.1007\/s10930-019-09845-4\">Borgese N, Coy-Vergara J, Colombo SF, Schwappach B (2019) The Ways of Tails: the GET Pathway and more. <b>Protein J<\/b> 38, 289-305.<\/a><\/p>\n<p><a href=\"https:\/\/doi.org\/10.1242\/jcs.230094\">Coy-Vergara J, Rivera-Monroy J, Urlaub H, Lenz C, Schwappach B (2019) A trap mutant reveals the physiological client spectrum of TRC40. <b>J Cell Sci<\/b> 132(13):jcs230094.<\/a><\/p>\n<p><a href=\"https:\/\/doi.org\/10.1111\/tra.12643\">Farkas \u00c1, De Laurentiis EI, Schwappach B (2019) The natural history of Get3-like chaperones. <b>Traffic<\/b> 20, 311-324.<\/a><\/p>\n<p><b data-fusion-font=\"true\">2018<\/b><br \/>\n<a href=\"https:\/\/doi.org\/10.1111\/dom.13359\">Ma Y, Ratnasabapathy R, Izzi-Engbeaya C, Nguyen-Tu MS, Richardson E, Hussain S, De Backer I, Holton C, Norton M, Carrat G, Schwappach B, Rutter GA, Dhillo WS, Gardiner J (2018) Hypothalamic arcuate nucleus glucokinase regulates insulin secretion and glucose homeostasis. <b>Diabetes Obes Metab<\/b> 20, 2246-2254.<\/a><\/p>\n<p><a href=\"https:\/\/doi.org\/10.1242\/jcs.211110\">Vitali DG, Sinzel M, Bulthuis EP, Kolb A, Zabel S, Mehlhorn DG, Figueiredo Costa B, Farkas \u00c1, Clancy A, Schuldiner M, Grefen C, Schwappach B, Borgese N, Rapaport D (2018) The GET pathway can increase the risk of mitochondrial outer membrane proteins to be mistargeted to the ER. <b>J Cell Sci<\/b> 131(10):jcs211110<\/a><\/p>\n<p><a href=\"https:\/\/doi.org\/10.1242\/jcs.218347\">Arakel EC, Schwappach B (2018) Correction: Formation of COPI-coated vesicles at a glance (doi:10.1242\/jcs.209890). <b>J Cell Sci<\/b> 131(5):jcs209890.<\/a><\/p>\n<p><a href=\"https:\/\/doi.org\/10.1242\/jcs.209890\">Arakel EC, Schwappach B (2018) Formation of COPI-coated vesicles at a glance. <b>J Cell Sci<\/b> 131(5):jcs209890.<\/a><\/p>\n<p><a href=\"https:\/\/doi.org\/10.1111\/tra.12560\">Weill U, Arakel EC, Goldmann O, Golan M, Chuartzman S, Munro S, Schwappach B, Schuldiner M (2018) Toolbox: Creating a systematic database of secretory pathway proteins uncovers new cargo for COPI. <b>Traffic<\/b> 19, 370-379.<\/a><\/p>\n<p><a href=\"https:\/\/doi.org\/10.15252\/embj.201695709\">Richter KN, Revelo NH, Seitz KJ, Helm MS, Sarkar D, Saleeb RS, D&#8217;Este E, Eberle J, Wagner E, Vogl C, Lazaro DF, Richter F, Coy-Vergara J, Coceano G, Boyden ES, Duncan RR, Hell SW, Lauterbach MA, Lehnart SE, Moser T, Outeiro TF, Rehling P, Schwappach B, Testa I, Zapiec B, Rizzoli SO (2018) Glyoxal as an alternative fixative to formaldehyde in immunostaining and super-resolution microscopy. <b>EMBO J<\/b> 37, 139-159.<\/a><\/p>\n<p><b data-fusion-font=\"true\">2017<\/b><br \/>\n<a href=\"https:\/\/doi.org\/10.7554\/eLife.33650\">Arakel EC, Schwappach B (2017) Vesicles: Looking inside the cell <b>Elife<\/b> 6.<\/a><\/p>\n<p><a href=\"https:\/\/doi.org\/10.1111\/tra.12503\">Geva Y, Crissman J, Arakel EC, G\u00f3mez-Navarro N, Chuartzman SG, Stahmer KR, Schwappach B, Miller EA, Schuldiner M (2017) Two novel effectors of trafficking and maturation of the yeast plasma membrane H<sup>+<\/sup> -ATPase. <b>Traffic<\/b> 18, 672-682.<\/a><\/p>\n<p><b data-fusion-font=\"true\">2016<\/b><br \/>\n<a href=\"https:\/\/doi.org\/10.1038\/srep39464\">Rivera-Monroy J, Musiol L, Unthan-Fechner K, Farkas \u00c1, Clancy A, Coy-Vergara J, Weill U, Gockel S, Lin SY, Corey DP, Kohl T, Str\u00f6bel P, Schuldiner M, Schwappach B, Vilardi F (2016) Mice lacking WRB reveal differential biogenesis requirements of tail-anchored proteins in vivo. <b>Sci Rep<\/b> 6, 39464.<\/a><\/p>\n<p><a href=\"https:\/\/doi.org\/10.1038\/nature20169\">Aviram N, Ast T, Costa EA, Arakel EC, Chuartzman SG, Jan CH, Ha\u00dfdenteufel S, Dudek J, Jung M, Schorr S, Zimmermann R, Schwappach B, Weissman JS, Schuldiner M (2016) The SND proteins constitute an alternative targeting route to the endoplasmic reticulum. <b>Nature<\/b> 540, 134-138.<\/a><\/p>\n<p><a href=\"https:\/\/doi.org\/10.15252\/embj.201593565\">Vogl C, Panou I, Yamanbaeva G, Wichmann C, Mangosing SJ, Vilardi F, Indzhykulian AA, Pangr\u0161i\u010d T, Santarelli R, Rodriguez-Ballesteros M, Weber T, Jung S, Cardenas E, Wu X, Wojcik SM, Kwan KY, Del Castillo I, Schwappach B, Strenzke N, Corey DP, Lin SY, Moser T (2016) Tryptophan-rich basic protein (WRB) mediates insertion of the tail-anchored protein otoferlin and is required for hair cell exocytosis and hearing. <b>EMBO J<\/b> 35, 2536-2552.<\/a><\/p>\n<p><a href=\"https:\/\/doi.org\/10.1073\/pnas.1603544113\">Arakel EC, Richter KP, Clancy A, Schwappach B (2016) \u03b4-COP contains a helix C-terminal to its longin domain key to COPI dynamics and function. <b>Proc Natl Acad Sci U S A<\/b> 113, 6916-6921.<\/a><\/p>\n<p><a href=\"https:\/\/doi.org\/10.1242\/jcs.180182\">Kilisch M, Lytovchenko O, Arakel EC, Bertinetti D, Schwappach B (2016) A dual phosphorylation switch controls 14-3-3-dependent cell surface expression of TASK-1. <b>J Cell Sci<\/b> 129, 831-842.<\/a><\/p>\n<p><a href=\"https:\/\/doi.org\/10.1242\/jcs.179333\">Pfaff J, Rivera Monroy J, Jamieson C, Rajanala K, Vilardi F, Schwappach B, Kehlenbach RH (2016) Emery-Dreifuss muscular dystrophy mutations impair TRC40-mediated targeting of emerin to the inner nuclear membrane. <b>J Cell Sci<\/b> 129, 502-516.<\/a><\/p>\n<p><a href=\"https:\/\/doi.org\/10.1016\/j.bbamcr.2015.11.025\">Brandenburg S, Arakel EC, Schwappach B, Lehnart SE (2016) The molecular and functional identities of atrial cardiomyocytes in health and disease. <b>Biochim Biophys Acta<\/b> 1863, 1882-1893.<\/a><\/p>\n<p><b data-fusion-font=\"true\">2015<\/b><br \/>\n<a href=\"https:\/\/doi.org\/10.1007\/s00424-014-1672-2\">Kilisch M, Lytovchenko O, Schwappach B, Renigunta V, Daut J (2015) The role of protein-protein interactions in the intracellular traffic of the potassium channels TASK-1 and TASK-3. <b>Pflugers Arch<\/b> 467, 1105-1120.<\/a><\/p>\n<p><b data-fusion-font=\"true\">2014<\/b><br \/>\n<a href=\"https:\/\/doi.org\/10.1016\/j.molcel.2014.08.017\">Voth W, Schick M, Gates S, Li S, Vilardi F, Gostimskaya I, Southworth DR, Schwappach B, Jakob U (2014) The protein targeting factor Get3 functions as ATP-independent chaperone under oxidative stress conditions. <b>Mol Cell<\/b> 56, 116-127.<\/a><\/p>\n<p><a href=\"https:\/\/doi.org\/10.1111\/1567-1364.12196\">Elbaz-Alon Y, Morgan B, Clancy A, Amoako TN, Zalckvar E, Dick TP, Schwappach B, Schuldiner M (2014) The yeast oligopeptide transporter Opt2 is localized to peroxisomes and affects glutathione redox homeostasis. <b>FEMS Yeast Res<\/b> 14, 1055-1067.<\/a><\/p>\n<p><a href=\"https:\/\/doi.org\/10.15252\/embr.201338358\">Nussbeck SY, Weil P, Menzel J, Marzec B, Lorberg K, Schwappach B (2014) The laboratory notebook in the 21st century: The electronic laboratory notebook would enhance good scientific practice and increase research productivity. <b>EMBO Rep<\/b> 15, 631-634.<\/a><\/p>\n<p><a href=\"https:\/\/doi.org\/10.1242\/jcs.141440\">Arakel EC, Brandenburg S, Uchida K, Zhang H, Lin YW, Kohl T, Schrul B, Sulkin MS, Efimov IR, Nichols CG, Lehnart SE, Schwappach B (2014) Tuning the electrical properties of the heart by differential trafficking of KATP ion channel complexes. <b>J Cell Sci<\/b> 127, 2106-2119.<\/a><\/p>\n<p><a href=\"https:\/\/doi.org\/10.1371\/journal.pone.0085033\">Vilardi F, Stephan M, Clancy A, Janshoff A, Schwappach B (2014) WRB and CAML are necessary and sufficient to mediate tail-anchored protein targeting to the ER membrane. <b>PLoS One<\/b> 9, e85033.<\/a><\/p>\n<p><b data-fusion-font=\"true\">2013<\/b><br \/>\n<a href=\"https:\/\/doi.org\/10.1371\/journal.pone.0059590\">Leznicki P, Roebuck QP, Wunderley L, Clancy A, Krysztofinska EM, Isaacson RL, Warwicker J, Schwappach B, High S (2013) The association of BAG6 with SGTA and tail-anchored proteins. <b>PLoS One<\/b> 8, e59590.<\/a><\/p>\n<p><a href=\"https:\/\/doi.org\/10.1016\/j.bbamcr.2013.03.005\">Schuldiner M, Schwappach B (2013) From rags to riches &#8211; the history of the endoplasmic reticulum. <b>Biochim Biophys Acta<\/b> 1833, 2389-2391.<\/a><\/p>\n<p><a href=\"https:\/\/doi.org\/10.1242\/jcs.112151\">Powis K, Schrul B, Tienson H, Gostimskaya I, Breker M, High S, Schuldiner M, Jakob U, Schwappach B (2013) Get3 is a holdase chaperone and moves to deposition sites for aggregated proteins when membrane targeting is blocked. <b>J Cell Sci<\/b> 126, 473-483.<\/a><\/p>\n<p><b data-fusion-font=\"true\">2012<\/b><br \/>\n<a href=\"https:\/\/doi.org\/10.1371\/journal.pone.0039703\">Wolf W, Kilic A, Schrul B, Lorenz H, Schwappach B, Seedorf M (2012) Yeast Ist2 recruits the endoplasmic reticulum to the plasma membrane and creates a ribosome-free membrane microcompartment. <b>PLoS One<\/b> 7, e39703.<\/a><\/p>\n<p><b data-fusion-font=\"true\">2011<\/b><br \/>\n<a href=\"https:\/\/doi.org\/10.1152\/physiol.00042.2010\">Smith AJ, Daut J, Schwappach B (2011) Membrane proteins as 14-3-3 clients in functional regulation and intracellular transport. <b>Physiology (Bethesda)<\/b> 26, 181-191.<\/a><\/p>\n<p><b data-fusion-font=\"true\">2010<\/b><br \/>\n<a href=\"https:\/\/doi.org\/10.1016\/j.str.2010.07.003\">Simpson PJ, Schwappach B, Dohlman HG, Isaacson RL (2010) Structures of Get3, Get4, and Get5 provide new models for TA membrane protein targeting. <b>Structure<\/b> 18, 897-902.<\/a><\/p>\n<p><a href=\"https:\/\/doi.org\/10.1126\/science.1191529\">Smith AJ, Schwappach B (2010) Cell biology. Think vesicular chloride. <b>Science<\/b> 328, 1364-1365.<\/a><\/p>\n<p><a href=\"https:\/\/doi.org\/10.1242\/jcs.068403\">Braun NA, Morgan B, Dick TP, Schwappach B (2010) The yeast CLC protein counteracts vesicular acidification during iron starvation. <b>J Cell Sci<\/b> 123, 2342-2350.<\/a><\/p>\n<p><a href=\"https:\/\/doi.org\/10.1242\/jcs.066738\">Leznicki P, Clancy A, Schwappach B, High S (2010) Bat3 promotes the membrane integration of tail-anchored proteins. <b>J Cell Sci<\/b> 123, 2170-2178.<\/a><\/p>\n<p><b data-fusion-font=\"true\">2009<\/b><br \/>\n<a href=\"https:\/\/doi.org\/10.1242\/jcs.041210\">Rabu C, Schmid V, Schwappach B, High S (2009) Biogenesis of tail-anchored proteins: the beginning for the end? <b>J Cell Sci<\/b> 122, 3605-3612.<\/a><\/p>\n<p><a href=\"https:\/\/doi.org\/10.1126\/science.1167983\">Jonikas MC, Collins SR, Denic V, Oh E, Quan EM, Schmid V, Weibezahn J, Schwappach B, Walter P, Weissman JS, Schuldiner M (2009) Comprehensive characterization of genes required for protein folding in the endoplasmic reticulum. <b>Science<\/b> 323, 1693-1697.<\/a><\/p>\n<p><a href=\"https:\/\/doi.org\/10.1113\/jphysiol.2008.164756\">Zuzarte M, Heusser K, Renigunta V, Schlichth\u00f6rl G, Rinn\u00e9 S, Wischmeyer E, Daut J, Schwappach B, Preisig-M\u00fcller R (2009) Intracellular traffic of the K+ channels TASK-1 and TASK-3: role of N- and C-terminal sorting signals and interaction with 14-3-3 proteins. <b>J Physiol<\/b> 587, 929-952.<\/a><\/p>\n<p><b data-fusion-font=\"true\">2008<\/b><br \/>\n<a href=\"https:\/\/doi.org\/10.1016\/j.cell.2008.06.025\">Schuldiner M, Metz J, Schmid V, Denic V, Rakwalska M, Schmitt HD, Schwappach B, Weissman JS (2008) The GET complex mediates insertion of tail-anchored proteins into the ER membrane. <b>Cell<\/b> 134, 634-645.<\/a><\/p>\n<p><a href=\"https:\/\/doi.org\/10.1242\/jcs.020321\">Favaloro V, Spasic M, Schwappach B, Dobberstein B (2008) Distinct targeting pathways for the membrane insertion of tail-anchored (TA) proteins. <b>J Cell Sci<\/b> 121, 1832-1840.<\/a><\/p>\n<p><a href=\"https:\/\/doi.org\/10.1080\/09687680801960998\">Schwappach B (2008) An overview of trafficking and assembly of neurotransmitter receptors and ion channels (Review). <b>Mol Membr Biol<\/b> 25, 270-278.<\/a><\/p>\n<p><b data-fusion-font=\"true\">2007<\/b><br \/>\n<a href=\"https:\/\/doi.org\/10.1083\/jcb.200704142\">Michelsen K, Schmid V, Metz J, Heusser K, Liebel U, Schwede T, Spang A, Schwappach B (2007) Novel cargo-binding site in the beta and delta subunits of coatomer. <b>J Cell Biol<\/b> 179, 209-217.<\/a><\/p>\n<p><b data-fusion-font=\"true\">2006<\/b><br \/>\n<a href=\"https:\/\/doi.org\/10.1242\/jcs.03196\">Heusser K, Yuan H, Neagoe I, Tarasov AI, Ashcroft FM, Schwappach B (2006) Scavenging of 14-3-3 proteins reveals their involvement in the cell-surface transport of ATP-sensitive K+ channels. <b>J Cell Sci<\/b> 119, 4353-4363.<\/a><\/p>\n<p><a href=\"https:\/\/doi.org\/10.1515\/BC.2006.152\">Mrowiec T, Schwappach B (2006) 14-3-3 proteins in membrane protein transport. <b>Biol Chem<\/b> 387, 1227-1236.<\/a><\/p>\n<p><a href=\"https:\/\/doi.org\/10.1111\/j.1600-0854.2006.00430.x\">Michelsen K, Mrowiec T, Duderstadt KE, Frey S, Minor DL, Mayer MP, Schwappach B (2006) A multimeric membrane protein reveals 14-3-3 isoform specificity in forward transport in yeast. <b>Traffic<\/b> 7, 903-916.<\/a><\/p>\n<p><a href=\"https:\/\/doi.org\/10.1159\/000091454\">Bundis F, Neagoe I, Schwappach B, Steinmeyer K (2006) Involvement of Golgin-160 in cell surface transport of renal ROMK channel: co-expression of Golgin-160 increases ROMK currents. <b>Cell Physiol Biochem<\/b> 17, 1-12.<\/a><\/p>\n<p><a href=\"https:\/\/doi.org\/10.1111\/j.1600-0854.2005.00375.x\">Renigunta V, Yuan H, Zuzarte M, Rinn\u00e9 S, Koch A, Wischmeyer E, Schlichth\u00f6rl G, Gao Y, Karschin A, Jacob R, Schwappach B, Daut J, Preisig-M\u00fcller R (2006) The retention factor p11 confers an endoplasmic reticulum-localization signal to the potassium channel TASK-1. <b>Traffic<\/b> 7, 168-181.<\/a><\/p>\n<p><a href=\"https:\/\/doi.org\/10.1074\/jbc.M507481200\">Metz J, W\u00e4chter A, Schmidt B, Bujnicki JM, Schwappach B (2006) The yeast Arr4p ATPase binds the chloride transporter Gef1p when copper is available in the cytosol. <b>J Biol Chem<\/b> 281, 410-417.<\/a><\/p>\n<p><b data-fusion-font=\"true\">2005<\/b><br \/>\n<a href=\"https:\/\/doi.org\/10.1038\/sj.embor.7400480\">Michelsen K, Yuan H, Schwappach B (2005) Hide and run. Arginine-based endoplasmic-reticulum-sorting motifs in the assembly of heteromultimeric membrane proteins. <b>EMBO Rep<\/b> 6, 717-722.<\/a><\/p>\n<p><a href=\"https:\/\/doi.org\/10.1016\/j.conb.2005.04.001\">Heusser K, Schwappach B (2005) Trafficking of potassium channels. <b>Curr Opin Neurobiol<\/b> 15, 364-369.<\/a><\/p>\n<p><a href=\"https:\/\/doi.org\/10.1083\/jcb.200503033\">J\u00fcschke C, W\u00e4chter A, Schwappach B, Seedorf M (2005) SEC18\/NSF-independent, protein-sorting pathway from the yeast cortical ER to the plasma membrane. <b>J Cell Biol<\/b> 169, 613-622.<\/a><\/p>\n<p><a href=\"https:\/\/doi.org\/10.1016\/j.yjmcc.2004.11.023\">Neagoe I, Schwappach B (2005) Pas de deux in groups of four&#8211;the biogenesis of KATP channels. <b>J Mol Cell Cardiol<\/b> 38, 887-894.<\/a><\/p>\n<p><a href=\"https:\/\/doi.org\/10.1016\/j.febslet.2005.01.011\">W\u00e4chter A, Schwappach B (2005) The yeast CLC chloride channel is proteolytically processed by the furin-like protease Kex2p in the first extracellular loop. <b>FEBS Lett<\/b> 579, 1149-1153.<\/a><\/p>\n<p><a href=\"https:\/\/doi.org\/10.1242\/jcs.01645\">Stegmayer C, Kehlenbach A, Tournaviti S, Wegehingel S, Zehe C, Denny P, Smith DF, Schwappach B, Nickel W (2005) Direct transport across the plasma membrane of mammalian cells of Leishmania HASPB as revealed by a CHO export mutant. <b>J Cell Sci<\/b> 118, 517-527.<\/a><\/p>\n<p><b data-fusion-font=\"true\">2004<\/b><br \/>\n<a href=\"https:\/\/doi.org\/10.1242\/jcs.01027\">Backhaus R, Zehe C, Wegehingel S, Kehlenbach A, Schwappach B, Nickel W (2004) Unconventional protein secretion: membrane translocation of FGF-2 does not require protein unfolding. <b>J Cell Sci<\/b> 117, 1727-1736.<\/a><\/p>\n<p><b data-fusion-font=\"true\">2003<\/b><br \/>\n<a href=\"https:\/\/doi.org\/10.1016\/s0960-9822(03)00208-2\">Yuan H, Michelsen K, Schwappach B (2003) 14-3-3 dimers probe the assembly status of multimeric membrane proteins. <b>Curr Biol<\/b> 13, 638-646.<\/a><\/p>\n<\/div><\/div><\/div><\/div><\/div><\/div>\n","protected":false},"excerpt":{"rendered":"","protected":false},"author":1,"featured_media":0,"parent":0,"menu_order":0,"comment_status":"closed","ping_status":"closed","template":"","meta":{"_acf_changed":false,"footnotes":""},"folder":[85],"class_list":["post-4885","page","type-page","status-publish","hentry"],"acf":[],"_links":{"self":[{"href":"https:\/\/biochemie.uni-goettingen.de\/index.php\/wp-json\/wp\/v2\/pages\/4885","targetHints":{"allow":["GET"]}}],"collection":[{"href":"https:\/\/biochemie.uni-goettingen.de\/index.php\/wp-json\/wp\/v2\/pages"}],"about":[{"href":"https:\/\/biochemie.uni-goettingen.de\/index.php\/wp-json\/wp\/v2\/types\/page"}],"author":[{"embeddable":true,"href":"https:\/\/biochemie.uni-goettingen.de\/index.php\/wp-json\/wp\/v2\/users\/1"}],"replies":[{"embeddable":true,"href":"https:\/\/biochemie.uni-goettingen.de\/index.php\/wp-json\/wp\/v2\/comments?post=4885"}],"version-history":[{"count":14,"href":"https:\/\/biochemie.uni-goettingen.de\/index.php\/wp-json\/wp\/v2\/pages\/4885\/revisions"}],"predecessor-version":[{"id":8328,"href":"https:\/\/biochemie.uni-goettingen.de\/index.php\/wp-json\/wp\/v2\/pages\/4885\/revisions\/8328"}],"wp:attachment":[{"href":"https:\/\/biochemie.uni-goettingen.de\/index.php\/wp-json\/wp\/v2\/media?parent=4885"}],"wp:term":[{"taxonomy":"folder","embeddable":true,"href":"https:\/\/biochemie.uni-goettingen.de\/index.php\/wp-json\/wp\/v2\/folder?post=4885"}],"curies":[{"name":"wp","href":"https:\/\/api.w.org\/{rel}","templated":true}]}}