{"id":7632,"date":"2025-04-07T15:54:37","date_gmt":"2025-04-07T13:54:37","guid":{"rendered":"https:\/\/biochemie.uni-goettingen.de\/?page_id=7632"},"modified":"2025-08-20T15:14:49","modified_gmt":"2025-08-20T13:14:49","slug":"publications-oberbeckmann","status":"publish","type":"page","link":"https:\/\/biochemie.uni-goettingen.de\/index.php\/publications-oberbeckmann\/","title":{"rendered":"Publications Oberbeckmann"},"content":{"rendered":"<div id=\"Publications\" class=\"fusion-container-anchor\"><div class=\"fusion-fullwidth fullwidth-box fusion-builder-row-1 fusion-flex-container nonhundred-percent-fullwidth non-hundred-percent-height-scrolling\" style=\"--awb-border-radius-top-left:0px;--awb-border-radius-top-right:0px;--awb-border-radius-bottom-right:0px;--awb-border-radius-bottom-left:0px;--awb-flex-wrap:wrap;\" ><div class=\"fusion-builder-row fusion-row fusion-flex-align-items-flex-start fusion-flex-content-wrap\" style=\"max-width:1331.2px;margin-left: calc(-4% \/ 2 );margin-right: calc(-4% \/ 2 );\"><div class=\"fusion-layout-column fusion_builder_column fusion-builder-column-0 fusion_builder_column_1_1 1_1 fusion-flex-column\" style=\"--awb-bg-size:cover;--awb-width-large:100%;--awb-margin-top-large:10px;--awb-spacing-right-large:1.92%;--awb-margin-bottom-large:10px;--awb-spacing-left-large:1.92%;--awb-width-medium:100%;--awb-order-medium:0;--awb-spacing-right-medium:1.92%;--awb-spacing-left-medium:1.92%;--awb-width-small:100%;--awb-order-small:0;--awb-spacing-right-small:1.92%;--awb-spacing-left-small:1.92%;\"><div class=\"fusion-column-wrapper fusion-column-has-shadow fusion-flex-justify-content-flex-start fusion-content-layout-column\"><div class=\"fusion-text fusion-text-1\"><h3 style=\"text-align: center;\"><\/h3>\n<h3 style=\"text-align: center;\">Publications<\/h3>\n<p><b data-fusion-font=\"true\">2025<\/b><br \/>\n<a href=\"https:\/\/doi.org\/10.1093\/nar\/gkaf727\" target=\"_blank\" rel=\"noopener\">Welp LM, Wulf A, Chernev A, Horokhovskyi Y, Moshkovskii S, Dybkov O, Neumann P, Pa\u0161en M, Siraj A, Raabe M, G\u00f6thert H, Walshe JL, Infante DA, de A P Schwarzer AC, Dickmanns A, Johannsson S, Schmitzov\u00e1 J, Wohlgemuth I, Netz E, He Y, Fritzemeier K, Delanghe B, Viner R, Vos SM, Oberbeckmann E, Bohnsack KE, Bohnsack MT, Cramer P, Ficner R, Kohlbacher O, Liepe J, Sachsenberg T, Urlaub H. (2025) Chemical crosslinking extends and complements UV crosslinking in analysis of RNA\/DNA nucleic acid-protein interaction sites by mass spectrometry. <b>Nucleic Acids Res.<\/b> 2025 Aug 11;53(15):gkaf727<\/a><\/p>\n<p><strong>2024<\/strong><br \/>\n<a href=\"https:\/\/pubmed.ncbi.nlm.nih.gov\/39270644\/\" target=\"_blank\" rel=\"noopener\">Resolution of transcription-induced hexasome-nucleosome complexes by Chd1 and FACT. <\/a><br \/>\nEngeholm M, Roske JJ, Oberbeckmann E, Dienemann C, Lidschreiber M, Cramer P, Farnung L. <strong>Mol Cell.<\/strong> 2024 Sep 19;84(18):3423-3437.e8. doi: 10.1016\/j.molcel.2024.08.022. Epub 2024 Sep 12. PMID: 39270644<\/p>\n<p><a href=\"https:\/\/pubmed.ncbi.nlm.nih.gov\/38604172\/\" target=\"_blank\" rel=\"noopener\">Three-step mechanism of promoter escape by RNA polymerase II. <\/a><br \/>\nZhan Y, Grabbe F, Oberbeckmann E, Dienemann C, Cramer P. <strong>Mol Cell.<\/strong> 2024 May 2;84(9):1699-1710.e6. doi: 10.1016\/j.molcel.2024.03.016. Epub 2024 Apr 10. PMID: 38604172<\/p>\n<p><a href=\"https:\/\/pubmed.ncbi.nlm.nih.gov\/38451192\/\" target=\"_blank\" rel=\"noopener\">Genome organization across scales: mechanistic insights from in vitro reconstitution studies. <\/a><br \/>\nOberbeckmann E, Oudelaar AM. <strong>Biochem Soc Trans.<\/strong> 2024 Apr 24;52(2):793-802. doi: 10.1042\/BST20230883. PMID: 38451192<\/p>\n<p><a href=\"https:\/\/pubmed.ncbi.nlm.nih.gov\/38291333\/\" target=\"_blank\" rel=\"noopener\">In vitro reconstitution of chromatin domains shows a role for nucleosome positioning in 3D genome organization. <\/a><br \/>\nOberbeckmann E, Quililan K, Cramer P, Oudelaar AM. <strong>Nat Genet.<\/strong> 2024 Mar;56(3):483-492. doi: 10.1038\/s41588-023-01649-8. Epub 2024 Jan 30. PMID: 38291333<\/p>\n<p><a href=\"https:\/\/pubmed.ncbi.nlm.nih.gov\/37994698\/\" target=\"_blank\" rel=\"noopener\">A single fiber view of the nucleosome organization in eukaryotic chromatin. <\/a><br \/>\nBoltengagen M, Verhagen D, Wolff MR, Oberbeckmann E, Hanke M, Gerland U, Korber P, Mueller-Planitz F. <strong>Nucleic Acids Res.<\/strong> 2024 Jan 11;52(1):166-185. doi: 10.1093\/nar\/gkad1098. PMID: 37994698<\/p>\n<p><strong>2023<\/strong><br \/>\n<a href=\"https:\/\/pubmed.ncbi.nlm.nih.gov\/36807068\/\" target=\"_blank\" rel=\"noopener\">ORE-Seq: Genome-Wide Absolute Occupancy Measurement by Restriction Enzyme Accessibilities. <\/a><br \/>\nOberbeckmann E, Wolff MR, Krietenstein N, Heron M, Schmid A, Straub T, Gerland U, Korber P. <strong>Methods Mol Biol.<\/strong> 2023;2611:121-152. doi: 10.1007\/978-1-0716-2899-7_9. PMID: 36807068<\/p>\n<p><strong>2021<\/strong><br \/>\n<a href=\"https:\/\/pubmed.ncbi.nlm.nih.gov\/34050142\/\" target=\"_blank\" rel=\"noopener\">Genome information processing by the INO80 chromatin remodeler positions nucleosomes. <\/a><br \/>\nOberbeckmann E, Krietenstein N, Niebauer V, Wang Y, Schall K, Moldt M, Straub T, Rohs R, Hopfner KP, Korber P, Eustermann S. <strong>Nat Commun.<\/strong> 2021 May 28;12(1):3231. doi: 10.1038\/s41467-021-23016-z. PMID: 34050142<\/p>\n<p><a href=\"https:\/\/pubmed.ncbi.nlm.nih.gov\/34050140\/\" target=\"_blank\" rel=\"noopener\">Ruler elements in chromatin remodelers set nucleosome array spacing and phasing. <\/a><br \/>\nOberbeckmann E, Niebauer V, Watanabe S, Farnung L, Moldt M, Schmid A, Cramer P, Peterson CL, Eustermann S, Hopfner KP, Korber P. <strong>Nat Commun.<\/strong> 2021 May 28;12(1):3232. doi: 10.1038\/s41467-021-23015-0. PMID: 34050140<\/p>\n<p><strong>2019<\/strong><br \/>\n<a href=\"https:\/\/pubmed.ncbi.nlm.nih.gov\/31694866\/\" target=\"_blank\" rel=\"noopener\">Absolute nucleosome occupancy map for the Saccharomyces cerevisiae genome. <\/a><br \/>\nOberbeckmann E, Wolff M, Krietenstein N, Heron M, Ellins JL, Schmid A, Krebs S, Blum H, Gerland U, Korber P. <strong>Genome Res.<\/strong> 2019 Dec;29(12):1996-2009. doi: 10.1101\/gr.253419.119. Epub 2019 Nov 6. PMID: 31694866<\/p>\n<p><strong>2018<\/strong><br \/>\n<a href=\"https:\/\/pubmed.ncbi.nlm.nih.gov\/30177756\/\" target=\"_blank\" rel=\"noopener\">The nuclear actin-containing Arp8 module is a linker DNA sensor driving INO80 chromatin remodeling. <\/a><br \/>\nKnoll KR, Eustermann S, Niebauer V, Oberbeckmann E, Stoehr G, Schall K, Tosi A, Schwarz M, Buchfellner A, Korber P, Hopfner KP. <strong>Nat Struct Mol Biol.<\/strong> 2018 Sep;25(9):823-832. doi: 10.1038\/s41594-018-0115-8. Epub 2018 Sep 3. PMID: 30177756<\/p>\n<\/div><\/div><\/div><\/div><\/div><\/div>\n","protected":false},"excerpt":{"rendered":"","protected":false},"author":10,"featured_media":0,"parent":0,"menu_order":0,"comment_status":"closed","ping_status":"closed","template":"","meta":{"_acf_changed":false,"footnotes":""},"folder":[168],"class_list":["post-7632","page","type-page","status-publish","hentry"],"acf":[],"_links":{"self":[{"href":"https:\/\/biochemie.uni-goettingen.de\/index.php\/wp-json\/wp\/v2\/pages\/7632","targetHints":{"allow":["GET"]}}],"collection":[{"href":"https:\/\/biochemie.uni-goettingen.de\/index.php\/wp-json\/wp\/v2\/pages"}],"about":[{"href":"https:\/\/biochemie.uni-goettingen.de\/index.php\/wp-json\/wp\/v2\/types\/page"}],"author":[{"embeddable":true,"href":"https:\/\/biochemie.uni-goettingen.de\/index.php\/wp-json\/wp\/v2\/users\/10"}],"replies":[{"embeddable":true,"href":"https:\/\/biochemie.uni-goettingen.de\/index.php\/wp-json\/wp\/v2\/comments?post=7632"}],"version-history":[{"count":6,"href":"https:\/\/biochemie.uni-goettingen.de\/index.php\/wp-json\/wp\/v2\/pages\/7632\/revisions"}],"predecessor-version":[{"id":8166,"href":"https:\/\/biochemie.uni-goettingen.de\/index.php\/wp-json\/wp\/v2\/pages\/7632\/revisions\/8166"}],"wp:attachment":[{"href":"https:\/\/biochemie.uni-goettingen.de\/index.php\/wp-json\/wp\/v2\/media?parent=7632"}],"wp:term":[{"taxonomy":"folder","embeddable":true,"href":"https:\/\/biochemie.uni-goettingen.de\/index.php\/wp-json\/wp\/v2\/folder?post=7632"}],"curies":[{"name":"wp","href":"https:\/\/api.w.org\/{rel}","templated":true}]}}